{"id":714,"date":"2025-10-17T13:21:24","date_gmt":"2025-10-17T11:21:24","guid":{"rendered":"https:\/\/v3.pellicerheredia.com\/contactook\/"},"modified":"2025-10-31T08:14:04","modified_gmt":"2025-10-31T07:14:04","slug":"contactook","status":"publish","type":"page","link":"https:\/\/v3.pellicerheredia.com\/fr\/contactook\/","title":{"rendered":"Contactook"},"content":{"rendered":"\t\t<div data-elementor-type=\"wp-page\" data-elementor-id=\"714\" class=\"elementor elementor-714 elementor-195\" data-elementor-post-type=\"page\">\n\t\t\t\t<div class=\"elementor-element elementor-element-26fdabb e-flex e-con-boxed e-con e-parent\" data-id=\"26fdabb\" data-element_type=\"container\" data-e-type=\"container\" data-settings=\"{&quot;background_background&quot;:&quot;classic&quot;}\">\n\t\t\t\t\t<div class=\"e-con-inner\">\n\t\t\t\t<div class=\"elementor-element elementor-element-959b353 elementor-widget elementor-widget-text-editor\" data-id=\"959b353\" data-element_type=\"widget\" data-e-type=\"widget\" data-widget_type=\"text-editor.default\">\n\t\t\t\t\t\t\t\t\tMerci pour votre message\t\t\t\t\t\t\t\t<\/div>\n\t\t\t\t<div class=\"elementor-element elementor-element-55d1870 elementor-widget elementor-widget-text-editor\" data-id=\"55d1870\" data-element_type=\"widget\" data-e-type=\"widget\" data-widget_type=\"text-editor.default\">\n\t\t\t\t\t\t\t\t\t<p>Nous vous contacterons dans les plus brefs d\u00e9lais. Si vous ne recevez pas de nouvelles de notre part, n&rsquo;oubliez pas de v\u00e9rifier votre dossier de spam ou de courrier ind\u00e9sirable.<\/p><p>En attendant, vous pouvez continuer \u00e0 naviguer sur notre page ou revenir \u00e0 la page d&rsquo;accueil.<\/p>\t\t\t\t\t\t\t\t<\/div>\n\t\t\t\t<div class=\"elementor-element elementor-element-1598ff2 elementor-align-center elementor-widget elementor-widget-button\" data-id=\"1598ff2\" data-element_type=\"widget\" data-e-type=\"widget\" data-widget_type=\"button.default\">\n\t\t\t\t\t\t\t\t\t\t<a class=\"elementor-button elementor-button-link elementor-size-sm\" href=\"https:\/\/v3.pellicerheredia.com\/fr\/\">\n\t\t\t\t\t\t<span class=\"elementor-button-content-wrapper\">\n\t\t\t\t\t\t<span class=\"elementor-button-icon\">\n\t\t\t\t<svg aria-hidden=\"true\" class=\"e-font-icon-svg e-fas-home\" viewBox=\"0 0 576 512\" xmlns=\"http:\/\/www.w3.org\/2000\/svg\"><path d=\"M280.37 148.26L96 300.11V464a16 16 0 0 0 16 16l112.06-.29a16 16 0 0 0 15.92-16V368a16 16 0 0 1 16-16h64a16 16 0 0 1 16 16v95.64a16 16 0 0 0 16 16.05L464 480a16 16 0 0 0 16-16V300L295.67 148.26a12.19 12.19 0 0 0-15.3 0zM571.6 251.47L488 182.56V44.05a12 12 0 0 0-12-12h-56a12 12 0 0 0-12 12v72.61L318.47 43a48 48 0 0 0-61 0L4.34 251.47a12 12 0 0 0-1.6 16.9l25.5 31A12 12 0 0 0 45.15 301l235.22-193.74a12.19 12.19 0 0 1 15.3 0L530.9 301a12 12 0 0 0 16.9-1.6l25.5-31a12 12 0 0 0-1.7-16.93z\"><\/path><\/svg>\t\t\t<\/span>\n\t\t\t\t\t\t\t\t\t<span class=\"elementor-button-text\">Retour \u00e0 l'accueil<\/span>\n\t\t\t\t\t<\/span>\n\t\t\t\t\t<\/a>\n\t\t\t\t\t\t\t\t<\/div>\n\t\t\t\t\t<\/div>\n\t\t\t\t<\/div>\n\t\t\t\t<\/div>\n\t\t","protected":false},"excerpt":{"rendered":"<p>Merci pour votre message Nous vous contacterons dans les plus brefs d\u00e9lais. Si vous ne recevez pas de nouvelles de notre part, n&rsquo;oubliez pas de v\u00e9rifier votre dossier de spam ou de courrier ind\u00e9sirable. En attendant, vous pouvez continuer \u00e0 naviguer sur notre page ou revenir \u00e0 la page d&rsquo;accueil. Retour \u00e0 l&rsquo;accueil<\/p>\n","protected":false},"author":1,"featured_media":0,"parent":0,"menu_order":0,"comment_status":"closed","ping_status":"closed","template":"","meta":{"footnotes":""},"class_list":["post-714","page","type-page","status-publish","hentry"],"_links":{"self":[{"href":"https:\/\/v3.pellicerheredia.com\/fr\/wp-json\/wp\/v2\/pages\/714","targetHints":{"allow":["GET"]}}],"collection":[{"href":"https:\/\/v3.pellicerheredia.com\/fr\/wp-json\/wp\/v2\/pages"}],"about":[{"href":"https:\/\/v3.pellicerheredia.com\/fr\/wp-json\/wp\/v2\/types\/page"}],"author":[{"embeddable":true,"href":"https:\/\/v3.pellicerheredia.com\/fr\/wp-json\/wp\/v2\/users\/1"}],"replies":[{"embeddable":true,"href":"https:\/\/v3.pellicerheredia.com\/fr\/wp-json\/wp\/v2\/comments?post=714"}],"version-history":[{"count":1,"href":"https:\/\/v3.pellicerheredia.com\/fr\/wp-json\/wp\/v2\/pages\/714\/revisions"}],"predecessor-version":[{"id":715,"href":"https:\/\/v3.pellicerheredia.com\/fr\/wp-json\/wp\/v2\/pages\/714\/revisions\/715"}],"wp:attachment":[{"href":"https:\/\/v3.pellicerheredia.com\/fr\/wp-json\/wp\/v2\/media?parent=714"}],"curies":[{"name":"wp","href":"https:\/\/api.w.org\/{rel}","templated":true}]}}